{"id":12029,"date":"2024-06-27T11:49:31","date_gmt":"2024-06-27T09:49:31","guid":{"rendered":"https:\/\/devwebsite2024.talentfinder.be\/demonstration-de-livres\/"},"modified":"2024-09-18T12:10:12","modified_gmt":"2024-09-18T10:10:12","slug":"demo-de-notre-ats","status":"publish","type":"page","link":"https:\/\/www.talentfinder.be\/fr\/demo-de-notre-ats\/","title":{"rendered":"Demo de notre ATS"},"content":{"rendered":"[et_pb_section fb_built=\u00a0\u00bb1&Prime; custom_padding_last_edited=\u00a0\u00bbon|phone\u00a0\u00bb _builder_version=\u00a0\u00bb4.25.1&Prime; _module_preset=\u00a0\u00bbdefault\u00a0\u00bb background_image=\u00a0\u00bbhttps:\/\/devwebsite2024.talentfinder.be\/wp-content\/uploads\/2024\/04\/background2-4.png\u00a0\u00bb background_enable_mask_style=\u00a0\u00bbon\u00a0\u00bb background_mask_style=\u00a0\u00bbcorner-lake\u00a0\u00bb background_mask_aspect_ratio=\u00a0\u00bbsquare\u00a0\u00bb background_mask_size=\u00a0\u00bbcover\u00a0\u00bb transform_translate_linked=\u00a0\u00bboff\u00a0\u00bb min_height=\u00a0\u00bb655.4px\u00a0\u00bb min_height_tablet=\u00a0\u00bb655.4px\u00a0\u00bb min_height_phone=\u00a0\u00bb655.4px\u00a0\u00bb min_height_last_edited=\u00a0\u00bbon|phone\u00a0\u00bb custom_margin=\u00a0\u00bb||41px||false|false\u00a0\u00bb custom_margin_tablet=\u00a0\u00bb||41px||false|false\u00a0\u00bb custom_margin_phone=\u00a0\u00bb0px||0px||false|false\u00a0\u00bb custom_margin_last_edited=\u00a0\u00bbon|phone\u00a0\u00bb custom_padding=\u00a0\u00bb||0px|||\u00a0\u00bb custom_padding_tablet=\u00a0\u00bb||0px|||\u00a0\u00bb custom_padding_phone=\u00a0\u00bb0px||||false|false\u00a0\u00bb da_disable_devices=\u00a0\u00bboff|off|off\u00a0\u00bb locked=\u00a0\u00bboff\u00a0\u00bb global_colors_info=\u00a0\u00bb{}\u00a0\u00bb da_is_popup=\u00a0\u00bboff\u00a0\u00bb da_exit_intent=\u00a0\u00bboff\u00a0\u00bb da_has_close=\u00a0\u00bbon\u00a0\u00bb da_alt_close=\u00a0\u00bboff\u00a0\u00bb da_dark_close=\u00a0\u00bboff\u00a0\u00bb da_not_modal=\u00a0\u00bbon\u00a0\u00bb da_is_singular=\u00a0\u00bboff\u00a0\u00bb da_with_loader=\u00a0\u00bboff\u00a0\u00bb da_has_shadow=\u00a0\u00bbon\u00a0\u00bb][et_pb_row admin_label=\u00a0\u00bbRang\u00e9e\u00a0\u00bb _builder_version=\u00a0\u00bb4.25.1&Prime; _module_preset=\u00a0\u00bbdefault\u00a0\u00bb background_enable_image=\u00a0\u00bboff\u00a0\u00bb max_width_tablet=\u00a0\u00bb\u00a0\u00bb max_width_phone=\u00a0\u00bb\u00a0\u00bb max_width_last_edited=\u00a0\u00bbon|phone\u00a0\u00bb custom_margin=\u00a0\u00bb|auto|-112px|auto||\u00a0\u00bb custom_padding=\u00a0\u00bb|0px||||\u00a0\u00bb global_colors_info=\u00a0\u00bb{}\u00a0\u00bb][et_pb_column type=\u00a0\u00bb4_4&Prime; admin_label=\u00a0\u00bbColonne\u00a0\u00bb _builder_version=\u00a0\u00bb4.24.2&Prime; _module_preset=\u00a0\u00bbdefault\u00a0\u00bb global_colors_info=\u00a0\u00bb{}\u00a0\u00bb][ba_gradient_heading title=\u00a0\u00bbD\u00e9mo de notre ATS\u00a0\u00bb primary_color=\u00a0\u00bb#00B4DD\u00a0\u00bb primary_color_location=\u00a0\u00bb18&Prime; secondary_color=\u00a0\u00bb#01c67e\u00a0\u00bb secondary_color_location=\u00a0\u00bb48&Prime; angle=\u00a0\u00bb109&Prime; _builder_version=\u00a0\u00bb4.27.0&Prime; _module_preset=\u00a0\u00bbdefault\u00a0\u00bb title_font=\u00a0\u00bb|800|||||||\u00a0\u00bb title_font_size=\u00a0\u00bb70px\u00a0\u00bb title_letter_spacing=\u00a0\u00bb1px\u00a0\u00bb transform_translate_linked=\u00a0\u00bboff\u00a0\u00bb width=\u00a0\u00bb100%\u00a0\u00bb custom_margin=\u00a0\u00bb100px||10px||false|false\u00a0\u00bb custom_margin_tablet=\u00a0\u00bb100px||10px||false|false\u00a0\u00bb custom_margin_phone=\u00a0\u00bb0px||10px||false|false\u00a0\u00bb custom_margin_last_edited=\u00a0\u00bbon|phone\u00a0\u00bb custom_padding=\u00a0\u00bb|1px||0px||\u00a0\u00bb title_font_size_tablet=\u00a0\u00bb70px\u00a0\u00bb title_font_size_phone=\u00a0\u00bb40px\u00a0\u00bb title_font_size_last_edited=\u00a0\u00bbon|phone\u00a0\u00bb module_alignment_tablet=\u00a0\u00bb\u00a0\u00bb module_alignment_phone=\u00a0\u00bb\u00a0\u00bb module_alignment_last_edited=\u00a0\u00bbon|phone\u00a0\u00bb global_colors_info=\u00a0\u00bb{}\u00a0\u00bb][\/ba_gradient_heading][et_pb_text _builder_version=\u00a0\u00bb4.25.1&Prime; _module_preset=\u00a0\u00bbdefault\u00a0\u00bb text_font=\u00a0\u00bb|300|||||||\u00a0\u00bb text_text_color=\u00a0\u00bbgcid-a2ad28b5-d28e-4d1e-9e4d-81a3653a5561&Prime; text_font_size=\u00a0\u00bb27px\u00a0\u00bb text_line_height=\u00a0\u00bb1.1em\u00a0\u00bb header_text_align=\u00a0\u00bbcenter\u00a0\u00bb transform_scale_linked=\u00a0\u00bboff\u00a0\u00bb transform_translate=\u00a0\u00bb0px|30px\u00a0\u00bb transform_translate_linked=\u00a0\u00bboff\u00a0\u00bb text_orientation=\u00a0\u00bbcenter\u00a0\u00bb width=\u00a0\u00bb85.7%\u00a0\u00bb min_height=\u00a0\u00bb80.6px\u00a0\u00bb custom_margin=\u00a0\u00bb-28px||41px||false|false\u00a0\u00bb custom_margin_tablet=\u00a0\u00bb-99px||41px||false|false\u00a0\u00bb custom_margin_phone=\u00a0\u00bb-50px||41px||false|false\u00a0\u00bb custom_margin_last_edited=\u00a0\u00bbon|phone\u00a0\u00bb custom_padding=\u00a0\u00bb|0px|2px|||\u00a0\u00bb custom_padding_tablet=\u00a0\u00bb|0px|2px|||\u00a0\u00bb custom_padding_phone=\u00a0\u00bb0px||||false|false\u00a0\u00bb custom_padding_last_edited=\u00a0\u00bbon|phone\u00a0\u00bb text_font_size_tablet=\u00a0\u00bb27px\u00a0\u00bb text_font_size_phone=\u00a0\u00bb20px\u00a0\u00bb text_font_size_last_edited=\u00a0\u00bbon|phone\u00a0\u00bb global_colors_info=\u00a0\u00bb{%22gcid-a2ad28b5-d28e-4d1e-9e4d-81a3653a5561%22:%91%22text_text_color%22%93}\u00a0\u00bb]\n<p class=\"sugarstyle text-center mb-3\" style=\"text-align: left;\">Planifiez votre d\u00e9monstration du logiciel ATS. Vous disposez de 30 minutes pour explorer le logiciel.<\/p>\n<div class=\"wp-block-contact-form-7-contact-form-selector\" bis_skin_checked=\"1\">\n<div class=\"wpcf7 js\" id=\"wpcf7-f164-p262-o1\" lang=\"en-US\" dir=\"ltr\" bis_skin_checked=\"1\">\n<div class=\"screen-reader-response\" bis_skin_checked=\"1\">\n<p role=\"status\" aria-live=\"polite\" aria-atomic=\"true\">\n<\/div>\n<\/div>\n<\/div>\n[\/et_pb_text][\/et_pb_column][\/et_pb_row][et_pb_row _builder_version=\u00a0\u00bb4.25.1&Prime; _module_preset=\u00a0\u00bbdefault\u00a0\u00bb background_enable_image=\u00a0\u00bboff\u00a0\u00bb width=\u00a0\u00bb50%\u00a0\u00bb width_tablet=\u00a0\u00bb50%\u00a0\u00bb width_phone=\u00a0\u00bb90%\u00a0\u00bb width_last_edited=\u00a0\u00bbon|phone\u00a0\u00bb module_alignment=\u00a0\u00bbcenter\u00a0\u00bb min_height=\u00a0\u00bb144px\u00a0\u00bb custom_margin=\u00a0\u00bb100px|auto||auto||\u00a0\u00bb custom_padding=\u00a0\u00bb||22px|||\u00a0\u00bb border_radii=\u00a0\u00bbon|30px|30px|30px|30px\u00a0\u00bb border_width_all=\u00a0\u00bb3px\u00a0\u00bb border_color_all=\u00a0\u00bb#00B4DD\u00a0\u00bb box_shadow_style=\u00a0\u00bbpreset1&Prime; global_colors_info=\u00a0\u00bb{}\u00a0\u00bb background__hover_enabled=\u00a0\u00bbon|desktop\u00a0\u00bb][et_pb_column type=\u00a0\u00bb4_4&Prime; _builder_version=\u00a0\u00bb4.24.3&Prime; _module_preset=\u00a0\u00bbdefault\u00a0\u00bb background_image=\u00a0\u00bbhttps:\/\/devwebsite2024.talentfinder.be\/wp-content\/uploads\/2024\/04\/for-demo-form-2.png\u00a0\u00bb global_colors_info=\u00a0\u00bb{}\u00a0\u00bb][et_pb_heading title=\u00a0\u00bbDEMO DE NOTRE ATS\u00a0\u00bb _builder_version=\u00a0\u00bb4.27.0&Prime; _module_preset=\u00a0\u00bbdefault\u00a0\u00bb title_text_align=\u00a0\u00bbcenter\u00a0\u00bb title_font_size=\u00a0\u00bb24px\u00a0\u00bb custom_margin=\u00a0\u00bb15px||3px||false|false\u00a0\u00bb global_colors_info=\u00a0\u00bb{}\u00a0\u00bb][\/et_pb_heading][et_pb_text _builder_version=\u00a0\u00bb4.25.1&Prime; _module_preset=\u00a0\u00bbdefault\u00a0\u00bb text_font_size=\u00a0\u00bb14px\u00a0\u00bb text_orientation=\u00a0\u00bbcenter\u00a0\u00bb width_tablet=\u00a0\u00bb\u00a0\u00bb width_phone=\u00a0\u00bb90%\u00a0\u00bb width_last_edited=\u00a0\u00bbon|phone\u00a0\u00bb module_alignment_tablet=\u00a0\u00bb\u00a0\u00bb module_alignment_phone=\u00a0\u00bbcenter\u00a0\u00bb module_alignment_last_edited=\u00a0\u00bbon|phone\u00a0\u00bb global_colors_info=\u00a0\u00bb{}\u00a0\u00bb]\n<p><span>Inscrivez-vous d\u00e8s maintenant. C&rsquo;est gratuit et cela prend moins de 30 minutes<\/span><\/p>\n[\/et_pb_text][et_pb_code _builder_version=\u00a0\u00bb4.27.0&Prime; _module_preset=\u00a0\u00bbdefault\u00a0\u00bb text_orientation=\u00a0\u00bbcenter\u00a0\u00bb width=\u00a0\u00bb60%\u00a0\u00bb width_tablet=\u00a0\u00bb60%\u00a0\u00bb width_phone=\u00a0\u00bb90%\u00a0\u00bb width_last_edited=\u00a0\u00bbon|phone\u00a0\u00bb module_alignment=\u00a0\u00bbcenter\u00a0\u00bb hover_enabled=\u00a0\u00bb0&Prime; global_colors_info=\u00a0\u00bb{}\u00a0\u00bb sticky_enabled=\u00a0\u00bb0&Prime;]<script charset=\"utf-8\" type=\"text\/javascript\" src=\"\/\/js-eu1.hsforms.net\/forms\/embed\/v2.js\"><\/script><!-- [et_pb_line_break_holder] --><script><!-- [et_pb_line_break_holder] -->  hbspt.forms.create({<!-- [et_pb_line_break_holder] -->    region: \"eu1\",<!-- [et_pb_line_break_holder] -->    portalId: \"143942541\",<!-- [et_pb_line_break_holder] -->    formId: \"b7daf68c-c1b8-4fcb-9624-bc40b15e8e70\"<!-- [et_pb_line_break_holder] -->  });<!-- [et_pb_line_break_holder] --><\/script>[\/et_pb_code][\/et_pb_column][\/et_pb_row][\/et_pb_section]\n","protected":false},"excerpt":{"rendered":"<p><div class=\"et_pb_module ba_gradient_heading ba_gradient_heading_0\">\n\t\t\t\t\n\t\t\t\t\n\t\t\t\t\n\t\t\t\t\n\t\t\t\t\n\t\t\t\t\n\t\t\t\t<div class=\"et_pb_module_inner\">\n\t\t\t\t\t<h1 class=\"dtq-gradient-heading\">D\u00e9mo de notre ATS<\/h1>\n\t\t\t\t<\/div>\n\t\t\t<\/div>Planifiez votre d\u00e9monstration du logiciel ATS. Vous disposez de 30 minutes pour explorer le logiciel. Inscrivez-vous d\u00e8s maintenant. C&rsquo;est gratuit et cela prend moins de 30 minutes<\/p>\n","protected":false},"author":2,"featured_media":6366,"parent":0,"menu_order":0,"comment_status":"closed","ping_status":"closed","template":"","meta":{"_acf_changed":false,"_et_pb_use_builder":"on","_et_pb_old_content":"","_et_gb_content_width":"","footnotes":""},"categories":[],"tags":[],"acf":[],"yoast_head":"<!-- This site is optimized with the Yoast SEO plugin v23.4 - https:\/\/yoast.com\/wordpress\/plugins\/seo\/ -->\r\n<title>Talentfinder - Obtenez une demo de notre logiciel recrutement<\/title>\r\n<meta name=\"description\" content=\"Faites l&#039;exp\u00e9rience de l&#039;ATS de Talentfinder en action gr\u00e2ce \u00e0 une demo gratuite de notre logiciel recrutement.\" \/>\r\n<meta name=\"robots\" content=\"index, follow, max-snippet:-1, max-image-preview:large, max-video-preview:-1\" \/>\r\n<link rel=\"canonical\" href=\"https:\/\/www.talentfinder.be\/book-demo\/\" \/>\r\n<meta property=\"og:locale\" content=\"fr_FR\" \/>\r\n<meta property=\"og:type\" content=\"article\" \/>\r\n<meta property=\"og:title\" content=\"Talentfinder - Obtenez une demo de notre logiciel recrutement\" \/>\r\n<meta property=\"og:description\" content=\"Faites l&#039;exp\u00e9rience de l&#039;ATS de Talentfinder en action gr\u00e2ce \u00e0 une demo gratuite de notre logiciel recrutement.\" \/>\r\n<meta property=\"og:url\" content=\"https:\/\/www.talentfinder.be\/book-demo\/\" \/>\r\n<meta property=\"og:site_name\" content=\"Talentfinder\" \/>\r\n<meta property=\"article:publisher\" content=\"https:\/\/www.facebook.com\/talentfinder.be\/\" \/>\r\n<meta property=\"article:modified_time\" content=\"2024-09-18T10:10:12+00:00\" \/>\r\n<meta property=\"og:image\" content=\"https:\/\/www.talentfinder.be\/wp-content\/uploads\/2024\/04\/recruitment-campaign-12.png\" \/>\r\n\t<meta property=\"og:image:width\" content=\"1000\" \/>\r\n\t<meta property=\"og:image:height\" content=\"700\" \/>\r\n\t<meta property=\"og:image:type\" content=\"image\/png\" \/>\r\n<meta name=\"twitter:card\" content=\"summary_large_image\" \/>\r\n<meta name=\"twitter:label1\" content=\"Dur\u00e9e de lecture estim\u00e9e\" \/>\n\t<meta name=\"twitter:data1\" content=\"1 minute\" \/>\r\n<script type=\"application\/ld+json\" class=\"yoast-schema-graph\">{\"@context\":\"https:\/\/schema.org\",\"@graph\":[{\"@type\":\"WebPage\",\"@id\":\"https:\/\/www.talentfinder.be\/fr\/demo-de-notre-ats\/\",\"url\":\"https:\/\/www.talentfinder.be\/book-demo\/\",\"name\":\"Talentfinder - Obtenez une demo de notre logiciel recrutement\",\"isPartOf\":{\"@id\":\"https:\/\/www.talentfinder.be\/#website\"},\"primaryImageOfPage\":{\"@id\":\"https:\/\/www.talentfinder.be\/book-demo\/#primaryimage\"},\"image\":{\"@id\":\"https:\/\/www.talentfinder.be\/book-demo\/#primaryimage\"},\"thumbnailUrl\":\"https:\/\/www.talentfinder.be\/wp-content\/uploads\/2024\/04\/recruitment-campaign-12.png\",\"datePublished\":\"2024-06-27T09:49:31+00:00\",\"dateModified\":\"2024-09-18T10:10:12+00:00\",\"description\":\"Faites l'exp\u00e9rience de l'ATS de Talentfinder en action gr\u00e2ce \u00e0 une demo gratuite de notre logiciel recrutement.\",\"breadcrumb\":{\"@id\":\"https:\/\/www.talentfinder.be\/book-demo\/#breadcrumb\"},\"inLanguage\":\"fr-FR\",\"potentialAction\":[{\"@type\":\"ReadAction\",\"target\":[\"https:\/\/www.talentfinder.be\/book-demo\/\"]}]},{\"@type\":\"ImageObject\",\"inLanguage\":\"fr-FR\",\"@id\":\"https:\/\/www.talentfinder.be\/book-demo\/#primaryimage\",\"url\":\"https:\/\/www.talentfinder.be\/wp-content\/uploads\/2024\/04\/recruitment-campaign-12.png\",\"contentUrl\":\"https:\/\/www.talentfinder.be\/wp-content\/uploads\/2024\/04\/recruitment-campaign-12.png\",\"width\":1000,\"height\":700,\"caption\":\"demo logiciel recrutement, demo ats\"},{\"@type\":\"BreadcrumbList\",\"@id\":\"https:\/\/www.talentfinder.be\/book-demo\/#breadcrumb\",\"itemListElement\":[{\"@type\":\"ListItem\",\"position\":1,\"name\":\"Home\",\"item\":\"https:\/\/www.talentfinder.be\/fr\/\"},{\"@type\":\"ListItem\",\"position\":2,\"name\":\"Demo de notre ATS\"}]},{\"@type\":\"WebSite\",\"@id\":\"https:\/\/www.talentfinder.be\/#website\",\"url\":\"https:\/\/www.talentfinder.be\/\",\"name\":\"Talentfinder\",\"description\":\"Recruitment software\",\"publisher\":{\"@id\":\"https:\/\/www.talentfinder.be\/#organization\"},\"potentialAction\":[{\"@type\":\"SearchAction\",\"target\":{\"@type\":\"EntryPoint\",\"urlTemplate\":\"https:\/\/www.talentfinder.be\/?s={search_term_string}\"},\"query-input\":{\"@type\":\"PropertyValueSpecification\",\"valueRequired\":true,\"valueName\":\"search_term_string\"}}],\"inLanguage\":\"fr-FR\"},{\"@type\":\"Organization\",\"@id\":\"https:\/\/www.talentfinder.be\/#organization\",\"name\":\"Talentfinder\",\"url\":\"https:\/\/www.talentfinder.be\/\",\"logo\":{\"@type\":\"ImageObject\",\"inLanguage\":\"fr-FR\",\"@id\":\"https:\/\/www.talentfinder.be\/#\/schema\/logo\/image\/\",\"url\":\"https:\/\/www.talentfinder.be\/wp-content\/uploads\/2024\/06\/Logo-TF-horizontal-smile-positive.png\",\"contentUrl\":\"https:\/\/www.talentfinder.be\/wp-content\/uploads\/2024\/06\/Logo-TF-horizontal-smile-positive.png\",\"width\":1554,\"height\":179,\"caption\":\"Talentfinder\"},\"image\":{\"@id\":\"https:\/\/www.talentfinder.be\/#\/schema\/logo\/image\/\"},\"sameAs\":[\"https:\/\/www.facebook.com\/talentfinder.be\/\",\"https:\/\/www.linkedin.com\/showcase\/talentfinder\/?viewAsMember=true\",\"https:\/\/www.instagram.com\/talentfinder_belgium\/\",\"https:\/\/www.youtube.com\/channel\/UCYxb7dpS_zaDwaPrezAh1Tg\"]}]}<\/script>\r\n<!-- \/ Yoast SEO plugin. -->","yoast_head_json":{"title":"Talentfinder - Obtenez une demo de notre logiciel recrutement","description":"Faites l'exp\u00e9rience de l'ATS de Talentfinder en action gr\u00e2ce \u00e0 une demo gratuite de notre logiciel recrutement.","robots":{"index":"index","follow":"follow","max-snippet":"max-snippet:-1","max-image-preview":"max-image-preview:large","max-video-preview":"max-video-preview:-1"},"canonical":"https:\/\/www.talentfinder.be\/book-demo\/","og_locale":"fr_FR","og_type":"article","og_title":"Talentfinder - Obtenez une demo de notre logiciel recrutement","og_description":"Faites l'exp\u00e9rience de l'ATS de Talentfinder en action gr\u00e2ce \u00e0 une demo gratuite de notre logiciel recrutement.","og_url":"https:\/\/www.talentfinder.be\/book-demo\/","og_site_name":"Talentfinder","article_publisher":"https:\/\/www.facebook.com\/talentfinder.be\/","article_modified_time":"2024-09-18T10:10:12+00:00","og_image":[{"width":1000,"height":700,"url":"https:\/\/www.talentfinder.be\/wp-content\/uploads\/2024\/04\/recruitment-campaign-12.png","type":"image\/png"}],"twitter_card":"summary_large_image","twitter_misc":{"Dur\u00e9e de lecture estim\u00e9e":"1 minute"},"schema":{"@context":"https:\/\/schema.org","@graph":[{"@type":"WebPage","@id":"https:\/\/www.talentfinder.be\/fr\/demo-de-notre-ats\/","url":"https:\/\/www.talentfinder.be\/book-demo\/","name":"Talentfinder - Obtenez une demo de notre logiciel recrutement","isPartOf":{"@id":"https:\/\/www.talentfinder.be\/#website"},"primaryImageOfPage":{"@id":"https:\/\/www.talentfinder.be\/book-demo\/#primaryimage"},"image":{"@id":"https:\/\/www.talentfinder.be\/book-demo\/#primaryimage"},"thumbnailUrl":"https:\/\/www.talentfinder.be\/wp-content\/uploads\/2024\/04\/recruitment-campaign-12.png","datePublished":"2024-06-27T09:49:31+00:00","dateModified":"2024-09-18T10:10:12+00:00","description":"Faites l'exp\u00e9rience de l'ATS de Talentfinder en action gr\u00e2ce \u00e0 une demo gratuite de notre logiciel recrutement.","breadcrumb":{"@id":"https:\/\/www.talentfinder.be\/book-demo\/#breadcrumb"},"inLanguage":"fr-FR","potentialAction":[{"@type":"ReadAction","target":["https:\/\/www.talentfinder.be\/book-demo\/"]}]},{"@type":"ImageObject","inLanguage":"fr-FR","@id":"https:\/\/www.talentfinder.be\/book-demo\/#primaryimage","url":"https:\/\/www.talentfinder.be\/wp-content\/uploads\/2024\/04\/recruitment-campaign-12.png","contentUrl":"https:\/\/www.talentfinder.be\/wp-content\/uploads\/2024\/04\/recruitment-campaign-12.png","width":1000,"height":700,"caption":"demo logiciel recrutement, demo ats"},{"@type":"BreadcrumbList","@id":"https:\/\/www.talentfinder.be\/book-demo\/#breadcrumb","itemListElement":[{"@type":"ListItem","position":1,"name":"Home","item":"https:\/\/www.talentfinder.be\/fr\/"},{"@type":"ListItem","position":2,"name":"Demo de notre ATS"}]},{"@type":"WebSite","@id":"https:\/\/www.talentfinder.be\/#website","url":"https:\/\/www.talentfinder.be\/","name":"Talentfinder","description":"Recruitment software","publisher":{"@id":"https:\/\/www.talentfinder.be\/#organization"},"potentialAction":[{"@type":"SearchAction","target":{"@type":"EntryPoint","urlTemplate":"https:\/\/www.talentfinder.be\/?s={search_term_string}"},"query-input":{"@type":"PropertyValueSpecification","valueRequired":true,"valueName":"search_term_string"}}],"inLanguage":"fr-FR"},{"@type":"Organization","@id":"https:\/\/www.talentfinder.be\/#organization","name":"Talentfinder","url":"https:\/\/www.talentfinder.be\/","logo":{"@type":"ImageObject","inLanguage":"fr-FR","@id":"https:\/\/www.talentfinder.be\/#\/schema\/logo\/image\/","url":"https:\/\/www.talentfinder.be\/wp-content\/uploads\/2024\/06\/Logo-TF-horizontal-smile-positive.png","contentUrl":"https:\/\/www.talentfinder.be\/wp-content\/uploads\/2024\/06\/Logo-TF-horizontal-smile-positive.png","width":1554,"height":179,"caption":"Talentfinder"},"image":{"@id":"https:\/\/www.talentfinder.be\/#\/schema\/logo\/image\/"},"sameAs":["https:\/\/www.facebook.com\/talentfinder.be\/","https:\/\/www.linkedin.com\/showcase\/talentfinder\/?viewAsMember=true","https:\/\/www.instagram.com\/talentfinder_belgium\/","https:\/\/www.youtube.com\/channel\/UCYxb7dpS_zaDwaPrezAh1Tg"]}]}},"_links":{"self":[{"href":"https:\/\/www.talentfinder.be\/fr\/wp-json\/wp\/v2\/pages\/12029"}],"collection":[{"href":"https:\/\/www.talentfinder.be\/fr\/wp-json\/wp\/v2\/pages"}],"about":[{"href":"https:\/\/www.talentfinder.be\/fr\/wp-json\/wp\/v2\/types\/page"}],"author":[{"embeddable":true,"href":"https:\/\/www.talentfinder.be\/fr\/wp-json\/wp\/v2\/users\/2"}],"replies":[{"embeddable":true,"href":"https:\/\/www.talentfinder.be\/fr\/wp-json\/wp\/v2\/comments?post=12029"}],"version-history":[{"count":3,"href":"https:\/\/www.talentfinder.be\/fr\/wp-json\/wp\/v2\/pages\/12029\/revisions"}],"predecessor-version":[{"id":15647,"href":"https:\/\/www.talentfinder.be\/fr\/wp-json\/wp\/v2\/pages\/12029\/revisions\/15647"}],"wp:featuredmedia":[{"embeddable":true,"href":"https:\/\/www.talentfinder.be\/fr\/wp-json\/wp\/v2\/media\/6366"}],"wp:attachment":[{"href":"https:\/\/www.talentfinder.be\/fr\/wp-json\/wp\/v2\/media?parent=12029"}],"wp:term":[{"taxonomy":"category","embeddable":true,"href":"https:\/\/www.talentfinder.be\/fr\/wp-json\/wp\/v2\/categories?post=12029"},{"taxonomy":"post_tag","embeddable":true,"href":"https:\/\/www.talentfinder.be\/fr\/wp-json\/wp\/v2\/tags?post=12029"}],"curies":[{"name":"wp","href":"https:\/\/api.w.org\/{rel}","templated":true}]}}